{"id":559,"date":"2025-10-09T10:20:55","date_gmt":"2025-10-09T08:20:55","guid":{"rendered":"https:\/\/lagernaplok.abtk.hu\/?page_id=559"},"modified":"2025-10-09T11:17:23","modified_gmt":"2025-10-09T09:17:23","slug":"nyitooldal","status":"publish","type":"page","link":"https:\/\/lagernaplok.abtk.hu\/en\/","title":{"rendered":""},"content":{"rendered":"<p>The research seeks to answer the question of how the examination of camp diaries contributes to our historical knowledge of the deportations in Hungary. What can the study and interpretation of the diaries of a largely unknown group of sources \u2013 diaries written by women and men deported from Hungary to concentration and forced labor camps in 1944-1945 \u2013 add to findings about historical works on the history of the camps and the personal sources during the Holocaust?<\/p>\n<div id=\"metaslider-id-588\" style=\"width: 100%;\" class=\"ml-slider-3-101-0 metaslider metaslider-flex metaslider-588 ml-slider has-dots-nav ms-theme-default-base\" role=\"region\" aria-label=\"New Slideshow\" data-height=\"300\" data-width=\"700\">\n    <div id=\"metaslider_container_588\">\n        <div id=\"metaslider_588\">\n            <ul aria-live='off' class='slides'>\n                <li style=\"display: block; width: 100%;\" class=\"slide-589 ms-image\" aria-roledescription=\"slide\" data-date=\"2025-10-09 10:37:15\"><img loading=\"lazy\" decoding=\"async\" width=\"4024\" height=\"3226\" src=\"https:\/\/lagernaplok.abtk.hu\/wp-content\/uploads\/2025\/10\/20230413_110832_remastered.jpg\" class=\"slider-588 slide-589 msDefaultImage\" alt=\"\" rel=\"\" title=\"Hermin Lefkovits&#039;s diary\" sizes=\"auto, 100vw\" \/><\/li>\n                <li style=\"display: none; width: 100%;\" class=\"slide-591 ms-image\" aria-roledescription=\"slide\" data-date=\"2025-10-09 10:37:15\"><img loading=\"lazy\" decoding=\"async\" width=\"4349\" height=\"3262\" src=\"https:\/\/lagernaplok.abtk.hu\/wp-content\/uploads\/2025\/10\/20230413_111651_remastered.jpg\" class=\"slider-588 slide-591 msDefaultImage\" alt=\"\" rel=\"\" title=\"Lili Klein&#039;s diary\" sizes=\"auto, 100vw\" \/><\/li>\n                <li style=\"display: none; width: 100%;\" class=\"slide-592 ms-image\" aria-roledescription=\"slide\" data-date=\"2025-10-09 10:37:15\"><img loading=\"lazy\" decoding=\"async\" width=\"4400\" height=\"3078\" src=\"https:\/\/lagernaplok.abtk.hu\/wp-content\/uploads\/2025\/10\/20230413_111823_remastered.jpg\" class=\"slider-588 slide-592 msDefaultImage\" alt=\"\" rel=\"\" title=\"Lili Klein&#039;s diary\" sizes=\"auto, 100vw\" \/><\/li>\n                <li style=\"display: none; width: 100%;\" class=\"slide-595 ms-image\" aria-roledescription=\"slide\" data-date=\"2025-10-09 10:37:15\"><img loading=\"lazy\" decoding=\"async\" width=\"4605\" height=\"3320\" src=\"https:\/\/lagernaplok.abtk.hu\/wp-content\/uploads\/2025\/10\/20230413_112454_remastered.jpg\" class=\"slider-588 slide-595 msDefaultImage\" alt=\"\" rel=\"\" title=\"Lili Klein&#039;s diary\" sizes=\"auto, 100vw\" \/><\/li>\n                <li style=\"display: none; width: 100%;\" class=\"slide-596 ms-image\" aria-roledescription=\"slide\" data-date=\"2025-10-09 10:37:15\"><img loading=\"lazy\" decoding=\"async\" width=\"4498\" height=\"3374\" src=\"https:\/\/lagernaplok.abtk.hu\/wp-content\/uploads\/2025\/10\/20230413_113408_remastered.jpg\" class=\"slider-588 slide-596 msDefaultImage\" alt=\"\" rel=\"\" title=\"S\u00e1ri Iczkovits&#039;s diary\" sizes=\"auto, 100vw\" \/><\/li>\n                <li style=\"display: none; width: 100%;\" class=\"slide-599 ms-image\" aria-roledescription=\"slide\" data-date=\"2025-10-09 10:37:15\"><img loading=\"lazy\" decoding=\"async\" width=\"4228\" height=\"3034\" src=\"https:\/\/lagernaplok.abtk.hu\/wp-content\/uploads\/2025\/10\/20230413_113931_remastered.jpg\" class=\"slider-588 slide-599 msDefaultImage\" alt=\"\" rel=\"\" title=\"Ilona Korach&#039;s diary\" sizes=\"auto, 100vw\" \/><\/li>\n                <li style=\"display: none; width: 100%;\" class=\"slide-601 ms-image\" aria-roledescription=\"slide\" data-date=\"2025-10-09 10:37:16\"><img loading=\"lazy\" decoding=\"async\" width=\"4557\" height=\"3418\" src=\"https:\/\/lagernaplok.abtk.hu\/wp-content\/uploads\/2025\/10\/20230413_114020_remastered.jpg\" class=\"slider-588 slide-601 msDefaultImage\" alt=\"\" rel=\"\" title=\"Ilona Korach&#039;s diary\" sizes=\"auto, 100vw\" \/><\/li>\n                <li style=\"display: none; width: 100%;\" class=\"slide-603 ms-image\" aria-roledescription=\"slide\" data-date=\"2025-10-09 10:37:16\"><img loading=\"lazy\" decoding=\"async\" width=\"4618\" height=\"3464\" src=\"https:\/\/lagernaplok.abtk.hu\/wp-content\/uploads\/2025\/10\/USHMM-2.jpg\" class=\"slider-588 slide-603 msDefaultImage\" alt=\"\" rel=\"\" title=\"S\u00e1ri Iczkovits&#039;s diary\" sizes=\"auto, 100vw\" \/><\/li>\n                <li style=\"display: none; width: 100%;\" class=\"slide-606 ms-image\" aria-roledescription=\"slide\" data-date=\"2025-10-09 10:37:16\"><img loading=\"lazy\" decoding=\"async\" width=\"2960\" height=\"1974\" src=\"https:\/\/lagernaplok.abtk.hu\/wp-content\/uploads\/2025\/10\/USHMM-1995.88.5.jpg\" class=\"slider-588 slide-606 msDefaultImage\" alt=\"\" rel=\"\" title=\"Lili Klein&#039;s diary\" sizes=\"auto, 100vw\" \/><\/li>\n                <li style=\"display: none; width: 100%;\" class=\"slide-609 ms-image\" aria-roledescription=\"slide\" data-date=\"2025-10-09 10:37:16\"><img loading=\"lazy\" decoding=\"async\" width=\"4526\" height=\"3395\" src=\"https:\/\/lagernaplok.abtk.hu\/wp-content\/uploads\/2025\/10\/USHMM-2010.255.1-2.jpg\" class=\"slider-588 slide-609 msDefaultImage\" alt=\"\" rel=\"\" title=\"Ilona Korach&#039;s diary\" sizes=\"auto, 100vw\" \/><\/li>\n                <li style=\"display: none; width: 100%;\" class=\"slide-610 ms-image\" aria-roledescription=\"slide\" data-date=\"2025-10-09 10:37:16\"><img loading=\"lazy\" decoding=\"async\" width=\"3761\" height=\"2821\" src=\"https:\/\/lagernaplok.abtk.hu\/wp-content\/uploads\/2025\/10\/USHMM-2010.255.1.jpg\" class=\"slider-588 slide-610 msDefaultImage\" alt=\"\" rel=\"\" title=\"Ilona Korach&#039;s diary\" sizes=\"auto, 100vw\" \/><\/li>\n            <\/ul>\n        <\/div>\n        \n    <\/div>\n<\/div>\n<p>This website publishes, in Hungarian and English, the history of the deportation of the diarists, a list of the camp diaries, a short description of them, and a virtual exhibition of women's diaries written in S\u00f6mmerda, a subcamp of Buchenwald.<\/p>\n<p>&nbsp;<\/p>\n<p>Hel\u00e9na Huh\u00e1k<\/p>","protected":false},"excerpt":{"rendered":"<p>A kutat\u00e1s arra keresi a v\u00e1laszt, hogyan \u00e9s mivel j\u00e1rul hozz\u00e1 a l\u00e1gernapl\u00f3k elemz\u00e9se a magyarorsz\u00e1gi deport\u00e1l\u00e1sokr\u00f3l sz\u00f3l\u00f3 t\u00f6rt\u00e9neti tud\u00e1sunk gyarap\u00edt\u00e1s\u00e1hoz. Mit adhat hozz\u00e1 egy javar\u00e9szt ismeretlen forr\u00e1scsoportnak, a koncentr\u00e1ci\u00f3s \u00e9s k\u00e9nyszermunkat\u00e1borokban 1944-1945-ben a korabeli Magyarorsz\u00e1gr\u00f3l elhurcolt n\u0151k \u00e9s f\u00e9rfiak \u00e1ltal \u00edrt napl\u00f3inak a megismer\u00e9se \u00e9s \u00e9rtelmez\u00e9se a t\u00e1borok t\u00f6rt\u00e9net\u00e9r\u0151l \u00e9s a holokauszt alatt keletkezett &hellip; <\/p>\n<p class=\"link-more\"><a href=\"https:\/\/lagernaplok.abtk.hu\/en\/\" class=\"more-link\">Continue reading<span class=\"screen-reader-text\"> &#8222;&#8221;<\/span><\/a><\/p>","protected":false},"author":2,"featured_media":0,"parent":0,"menu_order":0,"comment_status":"closed","ping_status":"closed","template":"","meta":{"iawp_total_views":176,"footnotes":""},"class_list":["post-559","page","type-page","status-publish","hentry"],"_links":{"self":[{"href":"https:\/\/lagernaplok.abtk.hu\/en\/wp-json\/wp\/v2\/pages\/559","targetHints":{"allow":["GET"]}}],"collection":[{"href":"https:\/\/lagernaplok.abtk.hu\/en\/wp-json\/wp\/v2\/pages"}],"about":[{"href":"https:\/\/lagernaplok.abtk.hu\/en\/wp-json\/wp\/v2\/types\/page"}],"author":[{"embeddable":true,"href":"https:\/\/lagernaplok.abtk.hu\/en\/wp-json\/wp\/v2\/users\/2"}],"replies":[{"embeddable":true,"href":"https:\/\/lagernaplok.abtk.hu\/en\/wp-json\/wp\/v2\/comments?post=559"}],"version-history":[{"count":5,"href":"https:\/\/lagernaplok.abtk.hu\/en\/wp-json\/wp\/v2\/pages\/559\/revisions"}],"predecessor-version":[{"id":614,"href":"https:\/\/lagernaplok.abtk.hu\/en\/wp-json\/wp\/v2\/pages\/559\/revisions\/614"}],"wp:attachment":[{"href":"https:\/\/lagernaplok.abtk.hu\/en\/wp-json\/wp\/v2\/media?parent=559"}],"curies":[{"name":"wp","href":"https:\/\/api.w.org\/{rel}","templated":true}]}}