{"id":548,"date":"2025-06-13T10:29:51","date_gmt":"2025-06-13T08:29:51","guid":{"rendered":"https:\/\/lagernaplok.abtk.hu\/?page_id=548"},"modified":"2025-06-14T17:24:28","modified_gmt":"2025-06-14T15:24:28","slug":"media","status":"publish","type":"page","link":"https:\/\/lagernaplok.abtk.hu\/en\/media\/","title":{"rendered":"Media"},"content":{"rendered":"<p><iframe loading=\"lazy\" title=\"T\u00f6rt\u00e9nettudom\u00e1nyi Int\u00e9zet \u2013 A k\u00f6z\u00e9pkori k\u00e9zm\u0171vesekt\u0151l az elhallgatott t\u00f6rt\u00e9netekig\" width=\"525\" height=\"295\" src=\"https:\/\/www.youtube.com\/embed\/pbMpHwYjLXc?list=PLO4IEQZa_8XPEKSSc5PcuqiYF2m3t0OGr\" frameborder=\"0\" allow=\"accelerometer; autoplay; clipboard-write; encrypted-media; gyroscope; picture-in-picture; web-share\" referrerpolicy=\"strict-origin-when-cross-origin\" allowfullscreen><\/iframe><\/p>\n<div style=\"width: 525px;\" class=\"wp-video\"><video class=\"wp-video-shortcode\" id=\"video-548-1\" width=\"525\" height=\"295\" preload=\"metadata\" controls=\"controls\"><source type=\"video\/mp4\" src=\"https:\/\/lagernaplok.abtk.hu\/wp-content\/uploads\/2025\/06\/FDownloader.Net_AQMhJ4tkRYJUj17v3hh-l8t1kx-f9vlDitxFhpaaqXRCULtyz7T7HZxD6950KYKAKRwUVLLRlBSIB5YdjXlK0WLp_720p_HD.mp4?_=1\" \/><a href=\"https:\/\/lagernaplok.abtk.hu\/wp-content\/uploads\/2025\/06\/FDownloader.Net_AQMhJ4tkRYJUj17v3hh-l8t1kx-f9vlDitxFhpaaqXRCULtyz7T7HZxD6950KYKAKRwUVLLRlBSIB5YdjXlK0WLp_720p_HD.mp4\">https:\/\/lagernaplok.abtk.hu\/wp-content\/uploads\/2025\/06\/FDownloader.Net_AQMhJ4tkRYJUj17v3hh-l8t1kx-f9vlDitxFhpaaqXRCULtyz7T7HZxD6950KYKAKRwUVLLRlBSIB5YdjXlK0WLp_720p_HD.mp4<\/a><\/video><\/div>\n<p><a href=\"https:\/\/24.hu\/kulfold\/2024\/04\/13\/auschwitz-holokauszt-magyar-zsido-nok-naploi-versek-sommerda-kenyszermunkatabor\/\"><span style=\"font-size: 18pt;\"><span style=\"font-size: 14pt;\">Keskeny h\u00edd az \u00e9lethez \u2013 magyar zsid\u00f3 n\u0151k napl\u00f3i a k\u00e9nyszermunkat\u00e1borban<\/span><\/span><\/a><\/p>\n<p><span style=\"font-size: 14pt;\"><a href=\"https:\/\/24.hu\/tudomany\/2021\/09\/19\/koncentracios-tabor-lager-erzekszervek-hangok-szagok-izek-huhak-helena\/\">L\u00e1ger\u00e9rzetek: hangok, tapint\u00e1sok, \u00edzek, szagok a koncentr\u00e1ci\u00f3s t\u00e1borokban<\/a><\/span><\/p>\n<p><span style=\"font-size: 14pt;\"><a href=\"https:\/\/telex.hu\/belfold\/2021\/03\/18\/naplo-a-tukorben-egy-deportalt-fenykepesz-feljegyzeseinek-eltunese-es-megtalalasa\" target=\"_blank\" rel=\"noopener\">Rejt\u00e9lyes k\u00f6r\u00fclm\u00e9nyek k\u00f6z\u00f6tt bukkant fel egy deport\u00e1lt f\u00e9nyk\u00e9p\u00e9sz napl\u00f3ja a t\u00fck\u00f6r m\u00f6g\u00fcl<\/a><\/span><\/p>\n<p><span style=\"font-size: 14pt;\"><a href=\"https:\/\/telex.hu\/belfold\/2021\/04\/16\/kaosz-agonia-es-tifuszos-kepzelgesek-utolso-honapok-a-lagerben\" target=\"_blank\" rel=\"noopener\">K\u00e1osz, ag\u00f3nia \u00e9s t\u00edfuszos k\u00e9pzelg\u00e9sek: utols\u00f3 h\u00f3napok a l\u00e1gerben<\/a><\/span><\/p>\n<p><span style=\"font-size: 14pt;\"><a href=\"https:\/\/telex.hu\/belfold\/2021\/05\/01\/a-lager-hatasa-alol-senki-sem-vonhatta-ki-magat-az-sem-aki-tulelte-es-az-sem-aki-felszabaditotta\" target=\"_blank\" rel=\"noopener\">A l\u00e1ger hat\u00e1sa al\u00f3l senki sem vonhatta ki mag\u00e1t: az sem, aki t\u00fal\u00e9lte \u00e9s az sem, aki felszabad\u00edtotta<\/a><\/span><\/p>\n<p><span style=\"font-size: 14pt;\"><a href=\"https:\/\/telex.hu\/kulfold\/2021\/06\/10\/felelem-az-elettol-tulelok-a-felszabaditott-koncentracios-taborokban\" target=\"_blank\" rel=\"noopener\">F\u00e9lelem az \u00e9lett\u0151l: t\u00fal\u00e9l\u0151k a felszabad\u00edtott koncentr\u00e1ci\u00f3s t\u00e1borokban<\/a><\/span><\/p>\n<p><span style=\"font-size: 14pt;\"><a href=\"https:\/\/telex.hu\/kulfold\/2021\/07\/29\/a-kozony-otthonossaga-es-a-hontalansag-keseru-erzese-a-deportaltak-hazaterese\/\" target=\"_blank\" rel=\"noopener\">A k\u00f6z\u00f6ny otthonoss\u00e1ga \u00e9s a \u201ehontalans\u00e1g keser\u0171 \u00e9rz\u00e9se\u201d: a deport\u00e1ltak hazat\u00e9r\u00e9se<\/a><\/span><\/p>\n<p><a href=\"https:\/\/abtk.hun-ren.hu\/ismerettar\/blog\/tuleles-a-naplokban-es-egodokumentumokban\" target=\"_blank\" rel=\"noopener\"><span style=\"font-size: 14pt;\">T\u00fal\u00e9l\u00e9s a napl\u00f3kban \u00e9s egodokumentumokban<\/span><\/a><\/p>\n<p>&nbsp;<\/p>\n<p>&nbsp;<\/p>\n<p>&nbsp;<\/p>","protected":false},"excerpt":{"rendered":"<p>Keskeny h\u00edd az \u00e9lethez \u2013 magyar zsid\u00f3 n\u0151k napl\u00f3i a k\u00e9nyszermunkat\u00e1borban L\u00e1ger\u00e9rzetek: hangok, tapint\u00e1sok, \u00edzek, szagok a koncentr\u00e1ci\u00f3s t\u00e1borokban Rejt\u00e9lyes k\u00f6r\u00fclm\u00e9nyek k\u00f6z\u00f6tt bukkant fel egy deport\u00e1lt f\u00e9nyk\u00e9p\u00e9sz napl\u00f3ja a t\u00fck\u00f6r m\u00f6g\u00fcl K\u00e1osz, ag\u00f3nia \u00e9s t\u00edfuszos k\u00e9pzelg\u00e9sek: utols\u00f3 h\u00f3napok a l\u00e1gerben A l\u00e1ger hat\u00e1sa al\u00f3l senki sem vonhatta ki mag\u00e1t: az sem, aki t\u00fal\u00e9lte \u00e9s az &hellip; <\/p>\n<p class=\"link-more\"><a href=\"https:\/\/lagernaplok.abtk.hu\/en\/media\/\" class=\"more-link\">Continue reading<span class=\"screen-reader-text\"> &#8222;M\u00e9dia&#8221;<\/span><\/a><\/p>","protected":false},"author":2,"featured_media":0,"parent":0,"menu_order":0,"comment_status":"closed","ping_status":"closed","template":"","meta":{"iawp_total_views":23,"footnotes":""},"class_list":["post-548","page","type-page","status-publish","hentry"],"_links":{"self":[{"href":"https:\/\/lagernaplok.abtk.hu\/en\/wp-json\/wp\/v2\/pages\/548","targetHints":{"allow":["GET"]}}],"collection":[{"href":"https:\/\/lagernaplok.abtk.hu\/en\/wp-json\/wp\/v2\/pages"}],"about":[{"href":"https:\/\/lagernaplok.abtk.hu\/en\/wp-json\/wp\/v2\/types\/page"}],"author":[{"embeddable":true,"href":"https:\/\/lagernaplok.abtk.hu\/en\/wp-json\/wp\/v2\/users\/2"}],"replies":[{"embeddable":true,"href":"https:\/\/lagernaplok.abtk.hu\/en\/wp-json\/wp\/v2\/comments?post=548"}],"version-history":[{"count":4,"href":"https:\/\/lagernaplok.abtk.hu\/en\/wp-json\/wp\/v2\/pages\/548\/revisions"}],"predecessor-version":[{"id":554,"href":"https:\/\/lagernaplok.abtk.hu\/en\/wp-json\/wp\/v2\/pages\/548\/revisions\/554"}],"wp:attachment":[{"href":"https:\/\/lagernaplok.abtk.hu\/en\/wp-json\/wp\/v2\/media?parent=548"}],"curies":[{"name":"wp","href":"https:\/\/api.w.org\/{rel}","templated":true}]}}