{"id":100,"date":"2023-06-18T09:34:47","date_gmt":"2023-06-18T07:34:47","guid":{"rendered":"https:\/\/lagernaplok.abtk.hu\/?page_id=100"},"modified":"2025-10-09T11:55:47","modified_gmt":"2025-10-09T09:55:47","slug":"lagerek","status":"publish","type":"page","link":"https:\/\/lagernaplok.abtk.hu\/en\/lagerek\/","title":{"rendered":"Camps"},"content":{"rendered":"<div id=\"sp-page\" class=\"spBgcover sp-content-1\" style=\"background-color: rgb(255, 255, 255); font-family: 'Helvetica Neue', Arial, sans-serif; font-weight: 400;\">\n<section id=\"sp-ks8a8s\" data-mobile-visibility=\"#sp-ks8a8s|false\" data-tablet-visibility=\"#sp-ks8a8s|false\" data-desktop-visibility=\"#sp-ks8a8s|false\" data-mobile-css=\"\" data-tablet-css=\"\" class=\"sp-el-section\" style=\"width: 100%; max-width: 100%;\">\n<div id=\"sp-vw3kvy\" data-mobile-visibility=\"#sp-vw3kvy|false\" data-tablet-visibility=\"#sp-vw3kvy|false\" data-desktop-visibility=\"#sp-vw3kvy|false\" data-mobile-css=\"\" data-tablet-css=\"\" class=\"sp-el-row sp-w-full  sp-m-auto sm:sp-flex sp-justify-between\">\n<div id=\"sp-iw5h09\" data-mobile-visibility=\"#sp-iw5h09|false\" data-tablet-visibility=\"#sp-iw5h09|false\" data-desktop-visibility=\"#sp-iw5h09|false\" data-mobile-css=\"\" data-tablet-css=\"\" class=\"sp-el-col  sp-w-full\" style=\"width: calc(100% - 0px);\">\n<div id=\"sp-button-parent-nr6zfc\" data-mobile-css=\"#sp-button-parent-nr6zfc|text-align:center;\" data-tablet-css=\"#sp-button-parent-nr6zfc|text-align:center;\" class=\"sp-button-wrapper sp-el-block\" style=\"margin: 0px; text-align: center;\"><a href=\"https:\/\/lagernaplok.abtk.hu\/en\/\" id=\"sp-nr6zfc\" data-mobile-css=\"\" data-tablet-css=\"\" data-mobile-visibility=\".sp-button-nr6zfc|false\" data-tablet-visibility=\".sp-button-nr6zfc|false\" data-desktop-visibility=\".sp-button-nr6zfc|false\" target=\"\" rel=\"\" class=\"sp-button sp-css-target sp-text-center sp-inline-block sp-leading-none sp-button-nr6zfc\" style=\"font-size: 15px; background: linear-gradient(-180deg, rgb(51, 51, 51), rgb(33, 33, 33) 90%); color: rgb(255, 255, 255); width: auto; padding: 8px 5px; border-radius: 4px; box-shadow: rgba(255, 255, 255, 0.2) 0px 1px 0px inset; border: 1px solid rgb(26, 26, 26);\"><span>Home Page<\/span><\/a><\/div>\n<div id=\"sp-jzzxne\" data-mobile-css=\".sp-text-wrapper-jzzxne, #sp-jzzxne, #jzzxne|text-align:left;\" data-tablet-css=\".sp-text-wrapper-jzzxne, #sp-jzzxne, #jzzxne|text-align:left;\" data-mobile-visibility=\".sp-text-wrapper-jzzxne|false\" data-tablet-visibility=\".sp-text-wrapper-jzzxne|false\" data-desktop-visibility=\".sp-text-wrapper-jzzxne|false\" class=\"sp-css-target sp-text-wrapper sp-el-block sp-text-wrapper-jzzxne\" style=\"margin: 0px; text-align: left;\">\n<p style=\"text-align: justify;\">&nbsp;<\/p>\n<p>The dozens of Hungarian-language camp diaries were primarily written by the inhabitants of the special camp section of the Bergen-Belsen concentration camp, the so-called Ungarnlager, by the rural Jews who were transferred from Auschwitz to various labor camps instead of the Strasshof distribution camp, and the women deported to the Buchenwald subcamp, S\u00f6mmerda.&nbsp; &nbsp;&nbsp; &nbsp;<\/p>\n<\/div>\n<\/div>\n<\/div>\n<div id=\"sp-ihtj5a\" data-mobile-visibility=\"#sp-ihtj5a|false\" data-tablet-visibility=\"#sp-ihtj5a|false\" data-desktop-visibility=\"#sp-ihtj5a|false\" data-mobile-css=\"\" data-tablet-css=\"\" class=\"sp-el-row sp-w-full  sp-m-auto sm:sp-flex sp-justify-between\">\n<div id=\"sp-ukyfuw\" data-mobile-visibility=\"#sp-ukyfuw|false\" data-tablet-visibility=\"#sp-ukyfuw|false\" data-desktop-visibility=\"#sp-ukyfuw|false\" data-mobile-css=\"\" data-tablet-css=\"\" class=\"sp-el-col  sp-w-full\" style=\"width: calc(100% - 0px);\">\n<div id=\"sp-dfsega\" data-mobile-css=\".sp-text-wrapper-dfsega, #sp-dfsega, #dfsega|text-align:left;\" data-tablet-css=\".sp-text-wrapper-dfsega, #sp-dfsega, #dfsega|text-align:left;\" data-mobile-visibility=\".sp-text-wrapper-dfsega|false\" data-tablet-visibility=\".sp-text-wrapper-dfsega|false\" data-desktop-visibility=\".sp-text-wrapper-dfsega|false\" class=\"sp-css-target sp-text-wrapper sp-el-block sp-text-block-style sp-text-wrapper-dfsega\" style=\"color: rgb(0, 0, 0); margin: 0px; text-align: left; box-shadow: rgba(0, 0, 0, 0.5) 0px 1px 2px 0px;\">\n<p><strong>Number of Diaries:<\/strong><br \/>Strasshof (and different family camps): 13<br \/>Bergen-Belsen: 8<br \/>S\u00f6mmerda: 12 (14)<br \/>Auschwitz-Birkenau (and different subcamps): 10<\/p>\n<\/div>\n<\/div>\n<\/div>\n<div id=\"sp-kk7ymi\" data-mobile-visibility=\"#sp-kk7ymi|false\" data-tablet-visibility=\"#sp-kk7ymi|false\" data-desktop-visibility=\"#sp-kk7ymi|false\" data-mobile-css=\"\" data-tablet-css=\"\" class=\"sp-el-row sp-w-full  sp-m-auto sm:sp-flex sp-justify-between\">\n<div id=\"sp-q8iyvv\" data-mobile-visibility=\"#sp-q8iyvv|false\" data-tablet-visibility=\"#sp-q8iyvv|false\" data-desktop-visibility=\"#sp-q8iyvv|false\" data-mobile-css=\"\" data-tablet-css=\"\" class=\"sp-el-col  sp-w-full\" style=\"width: calc(100% - 0px);\"><span href=\"\" target=\"\" rel=\"\" class=\"sp-header-block-link\" style=\"text-decoration: none;\"><\/p>\n<h1 id=\"sp-awijuh\" data-mobile-css=\".sp-headline-block-awijuh, #sp-awijuh, #awijuh|text-align:center;\" data-tablet-css=\".sp-headline-block-awijuh, #sp-awijuh, #awijuh|text-align:center;\" data-mobile-visibility=\".sp-headline-block-awijuh|false\" data-tablet-visibility=\".sp-headline-block-awijuh|false\" data-desktop-visibility=\".sp-headline-block-awijuh|false\" class=\"sp-css-target sp-el-block sp-headline-block-awijuh sp-type-header\" style=\"text-align: center; margin: 0px;\">Bergen-Belsen<\/h1>\n<p><\/span><\/div>\n<\/div>\n<div id=\"sp-mztmom\" data-mobile-visibility=\"#sp-mztmom|false\" data-tablet-visibility=\"#sp-mztmom|false\" data-desktop-visibility=\"#sp-mztmom|false\" data-mobile-css=\"\" data-tablet-css=\"\" class=\"sp-el-row sp-w-full  sp-m-auto sm:sp-flex sp-justify-between\">\n<div id=\"sp-wk1y90\" data-mobile-visibility=\"#sp-wk1y90|false\" data-tablet-visibility=\"#sp-wk1y90|false\" data-desktop-visibility=\"#sp-wk1y90|false\" data-mobile-css=\"\" data-tablet-css=\"\" class=\"sp-el-col  sp-w-full\" style=\"width: calc(100% - 0px);\">\n<div id=\"sp-xrw8ch\" data-mobile-css=\".sp-text-wrapper-xrw8ch, #sp-xrw8ch, #xrw8ch|text-align:left;\" data-tablet-css=\".sp-text-wrapper-xrw8ch, #sp-xrw8ch, #xrw8ch|text-align:left;\" data-mobile-visibility=\".sp-text-wrapper-xrw8ch|false\" data-tablet-visibility=\".sp-text-wrapper-xrw8ch|false\" data-desktop-visibility=\".sp-text-wrapper-xrw8ch|false\" class=\"sp-css-target sp-text-wrapper sp-el-block sp-text-block-style sp-text-wrapper-xrw8ch\" style=\"margin: 0px; text-align: left;\">\n<p>The Hungarian Camp sector of the Bergen-Belsen concentration camp in Germany was the site of the so-called \u201cKasztner Group.\u201d Under the terms of an agreement between the Zionist Rescue Committee, led by Rezs\u0151 Kasztner, and SS leaders in Hungary, most notably Heinrich Himmler's representative, Kurt Becher, the Kasztner train departed Budapest on June 30, 1944, in exchange for a substantial sum of money and other valuables. The train initially transported approximately 1,700 passengers to a separate section of the Bergen-Belsen camp. The first group of \u201cKasztner Jews\u201d crossed to neutral Switzerland in August 1944, the others in December. Historical works on the Bergen-Belsen camp, primarily in English, focus on the camp's history from the perspective of the Allied troops and as part of the British narrative of World War II. The Kasztner group, which was removed by the end of 1944, was not included in these studies. While the negotiations between the Zionist Aid and Rescue Committee, which organized the Hungarian camp, and the SS have been extensively analyzed in the literature, the nature of the life of the Kasztner Jews in the camp is little known.\nConditions in Bergen-Belsen were more conducive to diary writing. The SS regarded the inhabitants of this camp sector as \u201chostages\u201d or \u201cexchange Jews,\u201d which gave them many advantages. Members of this group were in a privileged position: families were allowed to stay with their children, they were not abused, they did not have to do forced labor, they could keep their luggage, and they had better supplies, some of which were brought from home and others provided by the SS or the Red Cross. In addition, limited autonomy was established within the camp under the control of the Hungarian Jewish camp leadership, which divided up positions and resources among its members, leading to numerous conflicts. The community was divided by several internal fault lines, partly shaped by pre-war social, religious, and ideological differences. The diaries report on this complex situation through the filter of actors thinking in terms of a variety of group interests. In addition, another diary was created in the women's prison camp of Bergen-Belsen, where deportees were deported without any privileges and where starving prisoners suffering from typhus epidemics waited in overcrowded barracks for the arrival of British-Canadian troops in April 1945.<\/p>\n<\/div>\n<\/div>\n<\/div>\n<div id=\"sp-cg4lj6\" data-mobile-visibility=\"#sp-cg4lj6|false\" data-tablet-visibility=\"#sp-cg4lj6|false\" data-desktop-visibility=\"#sp-cg4lj6|false\" data-mobile-css=\"\" data-tablet-css=\"\" class=\"sp-el-row sp-w-full  sp-m-auto sm:sp-flex sp-justify-between\">\n<div id=\"sp-vw72w2\" data-mobile-visibility=\"#sp-vw72w2|false\" data-tablet-visibility=\"#sp-vw72w2|false\" data-desktop-visibility=\"#sp-vw72w2|false\" data-mobile-css=\"\" data-tablet-css=\"\" class=\"sp-el-col  sp-w-full\" style=\"width: calc(100% - 0px);\">\n<figure id=\"sp-a3v48w\" data-mobile-css=\"#sp-a3v48w|text-align:center;\" data-tablet-css=\"#sp-a3v48w|text-align:center;\" class=\"sp-image-wrapper sp-el-block\" style=\"margin: 0px; text-align: center;\">\n<div><span><img loading=\"lazy\" decoding=\"async\" src=\"https:\/\/lagernaplok.abtk.hu\/wp-content\/uploads\/2023\/06\/DSC_0406-scaled.jpg\" alt=\"\" width=\"2560\" height=\"1711\" data-dynamic-tag=\"\" data-image-src=\"wpmedia\" data-mobile-visibility=\".sp-image-block-a3v48w|false\" data-tablet-visibility=\".sp-image-block-a3v48w|false\" data-desktop-visibility=\".sp-image-block-a3v48w|false\" srcset=\" https:\/\/lagernaplok.abtk.hu\/wp-content\/uploads\/2023\/06\/DSC_0406-150x150.jpg 150w, https:\/\/lagernaplok.abtk.hu\/wp-content\/uploads\/2023\/06\/DSC_0406-300x201.jpg 300w, https:\/\/lagernaplok.abtk.hu\/wp-content\/uploads\/2023\/06\/DSC_0406-1024x684.jpg 525w, https:\/\/lagernaplok.abtk.hu\/wp-content\/uploads\/2023\/06\/DSC_0406-scaled.jpg 2560w\" class=\"sp-image-block-a3v48w custom-preview-class\" style=\"width: 2560px;\"><\/span><\/div>\n<div id=\"sp-image-dynamic-tags-js-a3v48w\"><script>jQuery(function() { image_dynamic_tags('a3v48w' );});<\/script><\/div>\n<\/figure>\n<\/div>\n<\/div>\n<div id=\"sp-wm3hiu\" data-mobile-visibility=\"#sp-wm3hiu|false\" data-tablet-visibility=\"#sp-wm3hiu|false\" data-desktop-visibility=\"#sp-wm3hiu|false\" data-mobile-css=\"\" data-tablet-css=\"\" class=\"sp-el-row sp-w-full  sp-m-auto sm:sp-flex sp-justify-between\">\n<div id=\"sp-sc64hl\" data-mobile-visibility=\"#sp-sc64hl|false\" data-tablet-visibility=\"#sp-sc64hl|false\" data-desktop-visibility=\"#sp-sc64hl|false\" data-mobile-css=\"\" data-tablet-css=\"\" class=\"sp-el-col  sp-w-full\" style=\"width: calc(100% - 0px);\"><span href=\"\" target=\"\" rel=\"\" class=\"sp-header-block-link\" style=\"text-decoration: none;\"><\/p>\n<h1 id=\"sp-xblkod\" data-mobile-css=\".sp-headline-block-xblkod, #sp-xblkod, #xblkod|text-align:center;\" data-tablet-css=\".sp-headline-block-xblkod, #sp-xblkod, #xblkod|text-align:center;\" data-mobile-visibility=\".sp-headline-block-xblkod|false\" data-tablet-visibility=\".sp-headline-block-xblkod|false\" data-desktop-visibility=\".sp-headline-block-xblkod|false\" class=\"sp-css-target sp-el-block sp-headline-block-xblkod sp-type-header\" style=\"text-align: center; margin: 0px;\">Transports from Strasshof<\/h1>\n<p><\/span><\/div>\n<\/div>\n<div id=\"sp-rkvvul\" data-mobile-visibility=\"#sp-rkvvul|false\" data-tablet-visibility=\"#sp-rkvvul|false\" data-desktop-visibility=\"#sp-rkvvul|false\" data-mobile-css=\"\" data-tablet-css=\"\" class=\"sp-el-row sp-w-full  sp-m-auto sm:sp-flex sp-justify-between\">\n<div id=\"sp-tyrb1y\" data-mobile-visibility=\"#sp-tyrb1y|false\" data-tablet-visibility=\"#sp-tyrb1y|false\" data-desktop-visibility=\"#sp-tyrb1y|false\" data-mobile-css=\"\" data-tablet-css=\"\" class=\"sp-el-col  sp-w-full\" style=\"width: calc(100% - 0px);\">\n<div id=\"sp-dd2d75\" data-mobile-css=\".sp-text-wrapper-dd2d75, #sp-dd2d75, #dd2d75|text-align:left;\" data-tablet-css=\".sp-text-wrapper-dd2d75, #sp-dd2d75, #dd2d75|text-align:left;\" data-mobile-visibility=\".sp-text-wrapper-dd2d75|false\" data-tablet-visibility=\".sp-text-wrapper-dd2d75|false\" data-desktop-visibility=\".sp-text-wrapper-dd2d75|false\" class=\"sp-css-target sp-text-wrapper sp-el-block sp-text-block-style sp-text-wrapper-dd2d75\" style=\"margin: 0px; text-align: left;\">\n<p>The second major group of diaries is associated with the persecuted people who were sent to labor camps in Austria in the summer of 1944. During the period of mass deportations, some trains bypassed Auschwitz-Birkenau. At the end of June, approximately 10,000 to 15,000 people from several Hungarian towns, including Szolnok, Szeged, Debrecen, B\u00e9k\u00e9scsaba, and Baja, arrived in the Strasshof area of Austria. The background to this affair, which remains unclear, may have been the intention to alleviate the labor shortage in Austria, Eichmann's \u201cblood for goods\u201d campaign, and negotiations with the Allies. The Jewish families thus concerned were dispersed from the Strasshof distribution camp to the surrounding villages and towns. Most of them were employed in agricultural work, while some were involved in rubble clearance and the construction of anti-aircraft installations. There was no selection, and families were generally allowed to stay together. Many died as a result of inadequate care and disease, as well as the cruelty of some members of the SS, but even so, more than 80 percent of the Hungarian Jews who were sent to Strasshof survived the war.<\/p>\n<\/div>\n<figure id=\"sp-ndg9xq\" data-mobile-css=\"#sp-ndg9xq|text-align:center;\" data-tablet-css=\"#sp-ndg9xq|text-align:center;\" class=\"sp-image-wrapper sp-el-block\" style=\"margin: 0px; text-align: center;\">\n<div><span><img loading=\"lazy\" decoding=\"async\" src=\"https:\/\/lagernaplok.abtk.hu\/wp-content\/uploads\/2025\/05\/Kep1.jpg\" alt=\"\" width=\"587\" height=\"554\" data-dynamic-tag=\"\" data-image-src=\"wpmedia\" data-mobile-visibility=\".sp-image-block-ndg9xq|false\" data-tablet-visibility=\".sp-image-block-ndg9xq|false\" data-desktop-visibility=\".sp-image-block-ndg9xq|false\" srcset=\" https:\/\/lagernaplok.abtk.hu\/wp-content\/uploads\/2025\/05\/Kep1-150x150.jpg 150w, https:\/\/lagernaplok.abtk.hu\/wp-content\/uploads\/2025\/05\/Kep1-300x283.jpg 300w, https:\/\/lagernaplok.abtk.hu\/wp-content\/uploads\/2025\/05\/Kep1-13x12.jpg 13w, https:\/\/lagernaplok.abtk.hu\/wp-content\/uploads\/2025\/05\/Kep1.jpg 587w\" class=\"sp-image-block-ndg9xq custom-preview-class\" style=\"width: 587px;\"><\/span><\/div>\n<div id=\"sp-image-dynamic-tags-js-ndg9xq\"><script>jQuery(function() { image_dynamic_tags('ndg9xq' );});<\/script><\/div>\n<\/figure>\n<\/div>\n<\/div>\n<\/section>\n<section id=\"sp-sgofo8\" data-mobile-visibility=\"#sp-sgofo8|false\" data-tablet-visibility=\"#sp-sgofo8|false\" data-desktop-visibility=\"#sp-sgofo8|false\" data-mobile-css=\"\" data-tablet-css=\"\" class=\"sp-el-section\" style=\"width: 100%; max-width: 100%;\">\n<div id=\"sp-eus8j0\" data-mobile-visibility=\"#sp-eus8j0|false\" data-tablet-visibility=\"#sp-eus8j0|false\" data-desktop-visibility=\"#sp-eus8j0|false\" data-mobile-css=\"\" data-tablet-css=\"\" class=\"sp-el-row sp-w-full  sp-m-auto sm:sp-flex sp-justify-between\">\n<div id=\"sp-kzcrj9\" data-mobile-visibility=\"#sp-kzcrj9|false\" data-tablet-visibility=\"#sp-kzcrj9|false\" data-desktop-visibility=\"#sp-kzcrj9|false\" data-mobile-css=\"\" data-tablet-css=\"\" class=\"sp-el-col  sp-w-full\" style=\"width: calc(100% - 0px);\"><span href=\"\" target=\"\" rel=\"\" class=\"sp-header-block-link\" style=\"text-decoration: none;\"><\/p>\n<h1 id=\"sp-lltb7h\" data-mobile-css=\".sp-headline-block-lltb7h, #sp-lltb7h, #lltb7h|text-align:center;\" data-tablet-css=\".sp-headline-block-lltb7h, #sp-lltb7h, #lltb7h|text-align:center;\" data-mobile-visibility=\".sp-headline-block-lltb7h|false\" data-tablet-visibility=\".sp-headline-block-lltb7h|false\" data-desktop-visibility=\".sp-headline-block-lltb7h|false\" class=\"sp-css-target sp-el-block sp-headline-block-lltb7h sp-type-header\" style=\"text-align: center; margin: 0px;\">S\u00f6mmerda<\/h1>\n<p><\/span><\/div>\n<\/div>\n<\/section>\n<section id=\"sp-zz1qcb\" data-mobile-visibility=\"#sp-zz1qcb|false\" data-tablet-visibility=\"#sp-zz1qcb|false\" data-desktop-visibility=\"#sp-zz1qcb|false\" data-mobile-css=\"\" data-tablet-css=\"\" class=\"sp-el-section\" style=\"width: 100%; max-width: 100%;\">\n<div id=\"sp-xtzccy\" data-mobile-visibility=\"#sp-xtzccy|false\" data-tablet-visibility=\"#sp-xtzccy|false\" data-desktop-visibility=\"#sp-xtzccy|false\" data-mobile-css=\"\" data-tablet-css=\"\" class=\"sp-el-row sp-w-full  sp-m-auto sm:sp-flex sp-justify-between\">\n<div id=\"sp-latr2d\" data-mobile-visibility=\"#sp-latr2d|false\" data-tablet-visibility=\"#sp-latr2d|false\" data-desktop-visibility=\"#sp-latr2d|false\" data-mobile-css=\"\" data-tablet-css=\"\" class=\"sp-el-col  sp-w-full\" style=\"width: calc(100% - 0px);\">\n<div id=\"sp-l7b66t\" data-mobile-css=\".sp-text-wrapper-l7b66t, #sp-l7b66t, #l7b66t|text-align:left;\" data-tablet-css=\".sp-text-wrapper-l7b66t, #sp-l7b66t, #l7b66t|text-align:left;\" data-mobile-visibility=\".sp-text-wrapper-l7b66t|false\" data-tablet-visibility=\".sp-text-wrapper-l7b66t|false\" data-desktop-visibility=\".sp-text-wrapper-l7b66t|false\" class=\"sp-css-target sp-text-wrapper sp-el-block sp-text-block-style sp-text-wrapper-l7b66t\" style=\"margin: 0px; text-align: left;\">\n<p>The third group of diarists did not escape Auschwitz-Birkenau, where roughly one in four of the 440,000 Hungarian Jews were found fit for work, and these approximately 110,000 became the last source of labor for the German war industry. In July 1944, six weeks after they arrived at Auschwitz, some 2,000 women, mainly from Transcarpathia and to a lesser extent from Nagykanizsa, were selected for work, including the diarists. With the arrival of the Hungarian women, the Buchenwald subcamp was established in Gelsenkirchen-Horst, which the Allies bombed on 11 September 1944. Some of the survivors \u2013 a total of 1,300 women \u2013 were transported to S\u00f6mmerda in Th\u00fcringia to make munitions at the Rheinmetall-Borsig factory. The SS evacuated the camp on 4 April 1945. In the following weeks, the Allied troops liberated the marchers at various locations. The women forced laborers had a lively cultural life, which included the production and writing of diaries. The diary-writing community in S\u00f6mmerda has thus created a unique group of sources in the European history of the Holocaust.<\/p>\n<\/div>\n<\/div>\n<\/div>\n<\/section>\n<section id=\"sp-q5o4u2\" data-mobile-visibility=\"#sp-q5o4u2|false\" data-tablet-visibility=\"#sp-q5o4u2|false\" data-desktop-visibility=\"#sp-q5o4u2|false\" data-mobile-css=\"\" data-tablet-css=\"\" class=\"sp-el-section\" style=\"width: 100%; max-width: 100%;\">\n<div id=\"sp-l4k5rp\" data-mobile-visibility=\"#sp-l4k5rp|false\" data-tablet-visibility=\"#sp-l4k5rp|false\" data-desktop-visibility=\"#sp-l4k5rp|false\" data-mobile-css=\"\" data-tablet-css=\"\" class=\"sp-el-row sp-w-full  sp-m-auto sm:sp-flex sp-justify-between\">\n<div id=\"sp-i2n7k8\" data-mobile-visibility=\"#sp-i2n7k8|false\" data-tablet-visibility=\"#sp-i2n7k8|false\" data-desktop-visibility=\"#sp-i2n7k8|false\" data-mobile-css=\"\" data-tablet-css=\"\" class=\"sp-el-col  sp-w-full\" style=\"width: calc(100% - 0px);\">\n<figure id=\"sp-vr0hyb\" data-mobile-css=\"#sp-vr0hyb|text-align:center;\" data-tablet-css=\"#sp-vr0hyb|text-align:center;\" class=\"sp-image-wrapper sp-el-block\" style=\"margin: 0px; text-align: center;\">\n<div><span><img loading=\"lazy\" decoding=\"async\" src=\"https:\/\/lagernaplok.abtk.hu\/wp-content\/uploads\/2025\/05\/arbeiten-fur-den-krieg7l.jpg\" alt=\"\" width=\"788\" height=\"547\" data-dynamic-tag=\"\" data-image-src=\"wpmedia\" data-mobile-visibility=\".sp-image-block-vr0hyb|false\" data-tablet-visibility=\".sp-image-block-vr0hyb|false\" data-desktop-visibility=\".sp-image-block-vr0hyb|false\" srcset=\" https:\/\/lagernaplok.abtk.hu\/wp-content\/uploads\/2025\/05\/arbeiten-fur-den-krieg7l-150x150.jpg 150w, https:\/\/lagernaplok.abtk.hu\/wp-content\/uploads\/2025\/05\/arbeiten-fur-den-krieg7l-300x208.jpg 300w, https:\/\/lagernaplok.abtk.hu\/wp-content\/uploads\/2025\/05\/arbeiten-fur-den-krieg7l-18x12.jpg 18w, https:\/\/lagernaplok.abtk.hu\/wp-content\/uploads\/2025\/05\/arbeiten-fur-den-krieg7l.jpg 788w\" class=\"sp-image-block-vr0hyb custom-preview-class\" style=\"width: 788px;\"><\/span><\/div>\n<div id=\"sp-image-dynamic-tags-js-vr0hyb\"><script>jQuery(function() { image_dynamic_tags('vr0hyb' );});<\/script><\/div>\n<\/figure>\n<\/div>\n<\/div>\n<\/section>\n<\/div>","protected":false},"excerpt":{"rendered":"<p>Kezd\u0151lap &nbsp; A t\u00f6bb tucat magyar nyelv\u0171 l\u00e1gernapl\u00f3t nagyobb sz\u00e1mban a&nbsp; bergen-belseni koncentr\u00e1ci\u00f3s t\u00e1bor k\u00fcl\u00f6nleges t\u00e1borr\u00e9sz\u00e9nek, az \u00fan. Ungarnl\u00e1gernek a lak\u00f3i, az Auschwitz helyett a strasshofi eloszt\u00f3t\u00e1borb\u00f3l k\u00fcl\u00f6nb\u00f6z\u0151 munkat\u00e1borokba sz\u00e1ll\u00edtott vid\u00e9ki zsid\u00f3k, valamint Buchenwald alt\u00e1bor\u00e1ban, a s\u00f6mmerdai k\u00e9nyszermunkat\u00e1bra deport\u00e1lt n\u0151k \u00edrt\u00e1k.&nbsp; &nbsp;&nbsp; &nbsp; Napl\u00f3k sz\u00e1ma:Strasshof (\u00e9s k\u00fcl\u00f6nb\u00f6z\u0151 csal\u00e1di t\u00e1borok): 13Bergen-Belsen: 8S\u00f6mmerda: 12 (14)Auschwitz-Birkenau (\u00e9s m\u00e1s &hellip; <\/p>\n<p class=\"link-more\"><a href=\"https:\/\/lagernaplok.abtk.hu\/en\/lagerek\/\" class=\"more-link\">Continue reading<span class=\"screen-reader-text\"> &#8222;L\u00e1gerek&#8221;<\/span><\/a><\/p>","protected":false},"author":2,"featured_media":0,"parent":0,"menu_order":0,"comment_status":"closed","ping_status":"closed","template":"","meta":{"iawp_total_views":46,"footnotes":""},"class_list":["post-100","page","type-page","status-publish","hentry"],"_links":{"self":[{"href":"https:\/\/lagernaplok.abtk.hu\/en\/wp-json\/wp\/v2\/pages\/100","targetHints":{"allow":["GET"]}}],"collection":[{"href":"https:\/\/lagernaplok.abtk.hu\/en\/wp-json\/wp\/v2\/pages"}],"about":[{"href":"https:\/\/lagernaplok.abtk.hu\/en\/wp-json\/wp\/v2\/types\/page"}],"author":[{"embeddable":true,"href":"https:\/\/lagernaplok.abtk.hu\/en\/wp-json\/wp\/v2\/users\/2"}],"replies":[{"embeddable":true,"href":"https:\/\/lagernaplok.abtk.hu\/en\/wp-json\/wp\/v2\/comments?post=100"}],"version-history":[{"count":19,"href":"https:\/\/lagernaplok.abtk.hu\/en\/wp-json\/wp\/v2\/pages\/100\/revisions"}],"predecessor-version":[{"id":652,"href":"https:\/\/lagernaplok.abtk.hu\/en\/wp-json\/wp\/v2\/pages\/100\/revisions\/652"}],"wp:attachment":[{"href":"https:\/\/lagernaplok.abtk.hu\/en\/wp-json\/wp\/v2\/media?parent=100"}],"curies":[{"name":"wp","href":"https:\/\/api.w.org\/{rel}","templated":true}]}}